{"id":2952,"date":"2025-07-08T23:54:54","date_gmt":"2025-07-09T03:54:54","guid":{"rendered":"https:\/\/nawkaw.com\/environmental-commitment-and-sustainable-solutions\/"},"modified":"2025-12-23T10:45:26","modified_gmt":"2025-12-23T14:45:26","slug":"environmental-commitment-and-sustainable-solutions","status":"publish","type":"page","link":"https:\/\/nawkaw.com\/fr-ca\/about\/environmental-commitment-and-sustainable-solutions\/","title":{"rendered":"Environmental Commitment and Sustainable Solutions"},"content":{"rendered":"\t\t<div data-elementor-type=\"wp-page\" data-elementor-id=\"2952\" class=\"elementor elementor-2952 elementor-685\" data-elementor-post-type=\"page\">\n\t\t\t\t<div data-dce-background-image-url=\"https:\/\/nawkaw.com\/wp-content\/uploads\/2025\/08\/environmental-commitment-and-sustainable-solutions-masthead-scaled.webp\" class=\"elementor-element elementor-element-7e8a7b9 e-flex e-con-boxed e-con e-parent\" data-id=\"7e8a7b9\" data-element_type=\"container\" data-e-type=\"container\" data-settings=\"{&quot;background_background&quot;:&quot;classic&quot;}\">\n\t\t\t\t\t<div class=\"e-con-inner\">\n\t\t\t\t<div class=\"elementor-element elementor-element-1c7c3e4 elementor-widget elementor-widget-icon-box\" data-id=\"1c7c3e4\" data-element_type=\"widget\" data-e-type=\"widget\" data-widget_type=\"icon-box.default\">\n\t\t\t\t\t\t\t<div class=\"elementor-icon-box-wrapper\">\n\n\t\t\t\n\t\t\t\t\t\t<div class=\"elementor-icon-box-content\">\n\n\t\t\t\t\t\t\t\t\t<h1 class=\"elementor-icon-box-title\">\n\t\t\t\t\t\t<span  >\n\t\t\t\t\t\t\tEngagement environnemental et solutions durables\t\t\t\t\t\t<\/span>\n\t\t\t\t\t<\/h1>\n\t\t\t\t\n\t\t\t\t\t\t\t\t\t<p class=\"elementor-icon-box-description\">\n\t\t\t\t\t\tD\u00e9couvrez comment Nawkaw ouvre la voie en mati\u00e8re de teinture durable\t\t\t\t\t<\/p>\n\t\t\t\t\n\t\t\t<\/div>\n\t\t\t\n\t\t<\/div>\n\t\t\t\t\t\t<\/div>\n\t\t\t\t\t<\/div>\n\t\t\t\t<\/div>\n\t\t<div class=\"elementor-element elementor-element-a79bf56 e-flex e-con-boxed e-con e-parent\" data-id=\"a79bf56\" data-element_type=\"container\" data-e-type=\"container\" data-settings=\"{&quot;background_background&quot;:&quot;classic&quot;}\">\n\t\t\t\t\t<div class=\"e-con-inner\">\n\t\t<div class=\"elementor-element elementor-element-de0c11d e-con-full e-flex e-con e-child\" data-id=\"de0c11d\" data-element_type=\"container\" data-e-type=\"container\" data-settings=\"{&quot;background_background&quot;:&quot;classic&quot;}\">\n\t\t\t\t<div class=\"elementor-element elementor-element-8b9e882 elementor-widget elementor-widget-image\" data-id=\"8b9e882\" data-element_type=\"widget\" data-e-type=\"widget\" data-widget_type=\"image.default\">\n\t\t\t\t\t\t\t\t\t\t\t\t\t\t\t<img fetchpriority=\"high\" decoding=\"async\" width=\"500\" height=\"500\" src=\"https:\/\/nawkaw.com\/wp-content\/uploads\/2025\/08\/usgbc-logo.webp\" class=\"attachment-full size-full wp-image-2038\" alt=\"\" srcset=\"https:\/\/nawkaw.com\/wp-content\/uploads\/2025\/08\/usgbc-logo.webp 500w, https:\/\/nawkaw.com\/wp-content\/uploads\/2025\/08\/usgbc-logo-300x300.webp 300w, https:\/\/nawkaw.com\/wp-content\/uploads\/2025\/08\/usgbc-logo-150x150.webp 150w\" sizes=\"(max-width: 500px) 100vw, 500px\" \/>\t\t\t\t\t\t\t\t\t\t\t\t\t\t\t<\/div>\n\t\t\t\t<div class=\"elementor-element elementor-element-cbabcec elementor-widget__width-initial elementor-widget elementor-widget-image-box\" data-id=\"cbabcec\" data-element_type=\"widget\" data-e-type=\"widget\" data-widget_type=\"image-box.default\">\n\t\t\t\t\t<div class=\"elementor-image-box-wrapper\"><div class=\"elementor-image-box-content\"><h2 class=\"elementor-image-box-title\">Nawkaw devient membre Argent du USGBC<\/h2><p class=\"elementor-image-box-description\">Nawkaw est fier de s\u2019associer \u00e0 plusieurs grandes initiatives en mati\u00e8re de durabilit\u00e9, dont le U.S. Green Building Council (USGBC). En tant que membre de niveau Argent, Nawkaw soutient activement la mission visant \u00e0 promouvoir les pratiques de construction \u00e9cologique et le d\u00e9veloppement durable.\n<br><br>\nNotre partenariat avec le USGBC refl\u00e8te notre engagement envers l\u2019avancement des objectifs de durabilit\u00e9 dans l\u2019industrie de la construction. Nos produits et services s\u2019alignent pleinement avec ces efforts.<\/p><\/div><\/div>\t\t\t\t<\/div>\n\t\t\t\t<\/div>\n\t\t\t\t\t<\/div>\n\t\t\t\t<\/div>\n\t\t<div class=\"elementor-element elementor-element-4cc70ef e-flex e-con-boxed e-con e-parent\" data-id=\"4cc70ef\" data-element_type=\"container\" data-e-type=\"container\">\n\t\t\t\t\t<div class=\"e-con-inner\">\n\t\t\t\t<div class=\"elementor-element elementor-element-2de2345 elementor-widget__width-initial elementor-widget elementor-widget-image\" data-id=\"2de2345\" data-element_type=\"widget\" data-e-type=\"widget\" data-widget_type=\"image.default\">\n\t\t\t\t\t\t\t\t\t\t\t\t\t\t\t<img decoding=\"async\" width=\"1200\" height=\"1000\" src=\"https:\/\/nawkaw.com\/wp-content\/uploads\/2025\/08\/healthy-and-sustainable-staining-solutions.webp\" class=\"attachment-full size-full wp-image-2030\" alt=\"\" srcset=\"https:\/\/nawkaw.com\/wp-content\/uploads\/2025\/08\/healthy-and-sustainable-staining-solutions.webp 1200w, https:\/\/nawkaw.com\/wp-content\/uploads\/2025\/08\/healthy-and-sustainable-staining-solutions-300x250.webp 300w, https:\/\/nawkaw.com\/wp-content\/uploads\/2025\/08\/healthy-and-sustainable-staining-solutions-1024x853.webp 1024w, https:\/\/nawkaw.com\/wp-content\/uploads\/2025\/08\/healthy-and-sustainable-staining-solutions-768x640.webp 768w\" sizes=\"(max-width: 1200px) 100vw, 1200px\" \/>\t\t\t\t\t\t\t\t\t\t\t\t\t\t\t<\/div>\n\t\t\t\t<div class=\"elementor-element elementor-element-042d26e elementor-widget__width-initial elementor-widget elementor-widget-image-box\" data-id=\"042d26e\" data-element_type=\"widget\" data-e-type=\"widget\" data-widget_type=\"image-box.default\">\n\t\t\t\t\t<div class=\"elementor-image-box-wrapper\"><div class=\"elementor-image-box-content\"><h2 class=\"elementor-image-box-title\">Teinture \u00e9cologique, saine et durable<\/h2><p class=\"elementor-image-box-description\">Chez Nawkaw, nous nous appuyons sur une recherche scientifique constante pour d\u00e9velopper des produits sans impact n\u00e9gatif sur l\u2019environnement. Chaque teinture \u00e9cologique Nawkaw est formul\u00e9e avec zero de COV (compos\u00e9s organiques volatils) et utilise des mat\u00e9riaux parmi les plus durables pour garantir des r\u00e9sultats \u00e0 la fois durables et responsables.\n<br><br>\nNos teintures sont \u00e9galement exemptes d\u2019allerg\u00e8nes et de substances toxiques, ce qui les rend s\u00e9curitaires tant pour l\u2019environnement que pour ceux qui les appliquent. Personnalis\u00e9es selon chaque projet, nos teintures \u00e9cologiques respectent non seulement les normes environnementales, mais elles peuvent aussi contribuer \u00e0 l\u2019obtention de cr\u00e9dits LEED \u2014 vous permettant ainsi de r\u00e9aliser vos projets de mani\u00e8re \u00e9coresponsable.<\/p><\/div><\/div>\t\t\t\t<\/div>\n\t\t\t\t<div class=\"elementor-element elementor-element-8faf912 elementor-widget__width-initial elementor-widget elementor-widget-image-box\" data-id=\"8faf912\" data-element_type=\"widget\" data-e-type=\"widget\" data-widget_type=\"image-box.default\">\n\t\t\t\t\t<div class=\"elementor-image-box-wrapper\"><div class=\"elementor-image-box-content\"><h2 class=\"elementor-image-box-title\">Des services responsables et s\u00e9curitaires<\/h2><p class=\"elementor-image-box-description\">Nawkaw s\u2019engage \u00e0 respecter son devoir de responsabilit\u00e9 environnementale \u00e0 travers l\u2019ensemble de ses services. Nos applicateurs et op\u00e9rateurs qualifi\u00e9s, partout dans le monde, r\u00e9alisent chaque projet avec efficacit\u00e9 et en toute s\u00e9curit\u00e9. Nous laissons \u00e9galement les chantiers propres, en \u00e9liminant tous les d\u00e9chets et en minimisant notre impact sur l\u2019environnement. De plus, toutes nos \u00e9quipes poss\u00e8dent la certification OSHA, utilisent de l\u2019\u00e9quipement \u00e0 la fine pointe de la technologie et suivent les plus r\u00e9centes directives en mati\u00e8re de sant\u00e9 et de s\u00e9curit\u00e9.<\/p><\/div><\/div>\t\t\t\t<\/div>\n\t\t\t\t<div class=\"elementor-element elementor-element-a39ba7b elementor-widget__width-initial elementor-widget elementor-widget-image\" data-id=\"a39ba7b\" data-element_type=\"widget\" data-e-type=\"widget\" data-widget_type=\"image.default\">\n\t\t\t\t\t\t\t\t\t\t\t\t\t\t\t<img decoding=\"async\" width=\"1200\" height=\"1000\" src=\"https:\/\/nawkaw.com\/wp-content\/uploads\/2025\/08\/responsible-and-safe-services.webp\" class=\"attachment-full size-full wp-image-2034\" alt=\"\" srcset=\"https:\/\/nawkaw.com\/wp-content\/uploads\/2025\/08\/responsible-and-safe-services.webp 1200w, https:\/\/nawkaw.com\/wp-content\/uploads\/2025\/08\/responsible-and-safe-services-300x250.webp 300w, https:\/\/nawkaw.com\/wp-content\/uploads\/2025\/08\/responsible-and-safe-services-1024x853.webp 1024w, https:\/\/nawkaw.com\/wp-content\/uploads\/2025\/08\/responsible-and-safe-services-768x640.webp 768w\" sizes=\"(max-width: 1200px) 100vw, 1200px\" \/>\t\t\t\t\t\t\t\t\t\t\t\t\t\t\t<\/div>\n\t\t\t\t\t<\/div>\n\t\t\t\t<\/div>\n\t\t<div class=\"elementor-element elementor-element-ba44173 e-flex e-con-boxed e-con e-parent\" data-id=\"ba44173\" data-element_type=\"container\" data-e-type=\"container\" data-settings=\"{&quot;background_background&quot;:&quot;classic&quot;}\">\n\t\t\t\t\t<div class=\"e-con-inner\">\n\t\t\t\t<div class=\"elementor-element elementor-element-f029d8b elementor-widget__width-initial elementor-widget-tablet__width-initial elementor-widget elementor-widget-icon-box\" data-id=\"f029d8b\" data-element_type=\"widget\" data-e-type=\"widget\" data-widget_type=\"icon-box.default\">\n\t\t\t\t\t\t\t<div class=\"elementor-icon-box-wrapper\">\n\n\t\t\t\n\t\t\t\t\t\t<div class=\"elementor-icon-box-content\">\n\n\t\t\t\t\t\t\t\t\t<h2 class=\"elementor-icon-box-title\">\n\t\t\t\t\t\t<span  >\n\t\t\t\t\t\t\tEn savoir plus sur notre engagement envers la durabilit\u00e9\t\t\t\t\t\t<\/span>\n\t\t\t\t\t<\/h2>\n\t\t\t\t\n\t\t\t\t\t\t\t\t\t<p class=\"elementor-icon-box-description\">\n\t\t\t\t\t\tLes solutions de teinture durables de Nawkaw peuvent valoriser votre projet tout en soutenant vos objectifs environnementaux. D\u00e9couvrez comment nous pouvons appuyer votre prochain projet tout en restant fid\u00e8les \u00e0 nos engagements environnementaux et sociaux.\t\t\t\t\t<\/p>\n\t\t\t\t\n\t\t\t<\/div>\n\t\t\t\n\t\t<\/div>\n\t\t\t\t\t\t<\/div>\n\t\t<div class=\"elementor-element elementor-element-e6045f5 e-con-full e-flex e-con e-child\" data-id=\"e6045f5\" data-element_type=\"container\" data-e-type=\"container\">\n\t\t\t\t<div class=\"elementor-element elementor-element-79abd4d btn btn-style elementor-widget elementor-widget-button\" data-id=\"79abd4d\" data-element_type=\"widget\" data-e-type=\"widget\" data-widget_type=\"button.default\">\n\t\t\t\t\t\t\t\t\t\t<a class=\"elementor-button elementor-button-link elementor-size-sm\" href=\"https:\/\/nawkaw.com\/fr-ca\/contact\/\">\n\t\t\t\t\t\t<span class=\"elementor-button-content-wrapper\">\n\t\t\t\t\t\t<span class=\"elementor-button-icon\">\n\t\t\t\t<i aria-hidden=\"true\" class=\"far fa-long-arrow-right\"><\/i>\t\t\t<\/span>\n\t\t\t\t\t\t\t\t\t<span class=\"elementor-button-text\">Contactez-nous d\u00e8s aujourd\u2019hui<\/span>\n\t\t\t\t\t<\/span>\n\t\t\t\t\t<\/a>\n\t\t\t\t\t\t\t\t<\/div>\n\t\t\t\t<\/div>\n\t\t\t\t\t<\/div>\n\t\t\t\t<\/div>\n\t\t\t\t<\/div>\n\t\t","protected":false},"excerpt":{"rendered":"<p>Engagement environnemental et solutions durables D\u00e9couvrez comment Nawkaw ouvre la voie en mati\u00e8re de teinture durable Nawkaw devient membre Argent du USGBC Nawkaw est fier de s\u2019associer \u00e0 plusieurs grandes initiatives en mati\u00e8re de durabilit\u00e9, dont le U.S. Green Building Council (USGBC). En tant que membre de niveau Argent, Nawkaw soutient activement la mission visant [&hellip;]<\/p>\n","protected":false},"author":3,"featured_media":0,"parent":2941,"menu_order":0,"comment_status":"closed","ping_status":"closed","template":"","meta":{"_acf_changed":false,"inline_featured_image":false,"footnotes":""},"class_list":["post-2952","page","type-page","status-publish","hentry"],"acf":[],"_links":{"self":[{"href":"https:\/\/nawkaw.com\/fr-ca\/wp-json\/wp\/v2\/pages\/2952","targetHints":{"allow":["GET"]}}],"collection":[{"href":"https:\/\/nawkaw.com\/fr-ca\/wp-json\/wp\/v2\/pages"}],"about":[{"href":"https:\/\/nawkaw.com\/fr-ca\/wp-json\/wp\/v2\/types\/page"}],"author":[{"embeddable":true,"href":"https:\/\/nawkaw.com\/fr-ca\/wp-json\/wp\/v2\/users\/3"}],"replies":[{"embeddable":true,"href":"https:\/\/nawkaw.com\/fr-ca\/wp-json\/wp\/v2\/comments?post=2952"}],"version-history":[{"count":0,"href":"https:\/\/nawkaw.com\/fr-ca\/wp-json\/wp\/v2\/pages\/2952\/revisions"}],"up":[{"embeddable":true,"href":"https:\/\/nawkaw.com\/fr-ca\/wp-json\/wp\/v2\/pages\/2941"}],"wp:attachment":[{"href":"https:\/\/nawkaw.com\/fr-ca\/wp-json\/wp\/v2\/media?parent=2952"}],"curies":[{"name":"wp","href":"https:\/\/api.w.org\/{rel}","templated":true}]}}