{"id":4529,"date":"2025-07-08T23:59:23","date_gmt":"2025-07-09T03:59:23","guid":{"rendered":"https:\/\/nawkaw.com\/products\/stain-colorless\/"},"modified":"2025-11-17T02:54:19","modified_gmt":"2025-11-17T06:54:19","slug":"stain-colorless","status":"publish","type":"page","link":"https:\/\/nawkaw.com\/fr-ca\/products\/stain-colorless\/","title":{"rendered":"Colorless Products"},"content":{"rendered":"\t\t<div data-elementor-type=\"wp-page\" data-elementor-id=\"4529\" class=\"elementor elementor-4529 elementor-699\" data-elementor-post-type=\"page\">\n\t\t\t\t<div data-dce-background-image-url=\"https:\/\/nawkaw.com\/wp-content\/uploads\/2025\/09\/colorless-transparent-products-masthead-scaled.webp\" class=\"elementor-element elementor-element-956ec9f e-flex e-con-boxed e-con e-parent\" data-id=\"956ec9f\" data-element_type=\"container\" data-e-type=\"container\" data-settings=\"{&quot;background_background&quot;:&quot;classic&quot;}\">\n\t\t\t\t\t<div class=\"e-con-inner\">\n\t\t\t\t<div class=\"elementor-element elementor-element-49b8ce9 elementor-widget elementor-widget-heading\" data-id=\"49b8ce9\" data-element_type=\"widget\" data-e-type=\"widget\" data-widget_type=\"heading.default\">\n\t\t\t\t\t<h1 class=\"elementor-heading-title elementor-size-default\">Produits de teinture incolores et transparents<\/h1>\t\t\t\t<\/div>\n\t\t\t\t\t<\/div>\n\t\t\t\t<\/div>\n\t\t<div class=\"elementor-element elementor-element-7e4a17d e-flex e-con-boxed e-con e-parent\" data-id=\"7e4a17d\" data-element_type=\"container\" data-e-type=\"container\">\n\t\t\t\t\t<div class=\"e-con-inner\">\n\t\t\t\t<div class=\"elementor-element elementor-element-cebfd44 elementor-widget__width-initial elementor-widget elementor-widget-image\" data-id=\"cebfd44\" data-element_type=\"widget\" data-e-type=\"widget\" data-widget_type=\"image.default\">\n\t\t\t\t\t\t\t\t\t\t\t\t\t\t\t<img fetchpriority=\"high\" decoding=\"async\" width=\"1200\" height=\"1000\" src=\"https:\/\/nawkaw.com\/wp-content\/uploads\/2025\/09\/colorless-transparent.webp\" class=\"attachment-full size-full wp-image-4811\" alt=\"\" srcset=\"https:\/\/nawkaw.com\/wp-content\/uploads\/2025\/09\/colorless-transparent.webp 1200w, https:\/\/nawkaw.com\/wp-content\/uploads\/2025\/09\/colorless-transparent-300x250.webp 300w, https:\/\/nawkaw.com\/wp-content\/uploads\/2025\/09\/colorless-transparent-1024x853.webp 1024w, https:\/\/nawkaw.com\/wp-content\/uploads\/2025\/09\/colorless-transparent-768x640.webp 768w\" sizes=\"(max-width: 1200px) 100vw, 1200px\" \/>\t\t\t\t\t\t\t\t\t\t\t\t\t\t\t<\/div>\n\t\t<div class=\"elementor-element elementor-element-d441e9e e-con-full e-flex e-con e-child\" data-id=\"d441e9e\" data-element_type=\"container\" data-e-type=\"container\">\n\t\t\t\t<div class=\"elementor-element elementor-element-5cb663a elementor-widget__width-inherit elementor-widget elementor-widget-heading\" data-id=\"5cb663a\" data-element_type=\"widget\" data-e-type=\"widget\" data-widget_type=\"heading.default\">\n\t\t\t\t\t<h2 class=\"elementor-heading-title elementor-size-default\">Prot\u00e9gez et mettez en valeur vos surfaces avec des teintures transparentes<\/h2>\t\t\t\t<\/div>\n\t\t\t\t<div class=\"elementor-element elementor-element-2880e94 elementor-widget__width-inherit elementor-widget elementor-widget-text-editor\" data-id=\"2880e94\" data-element_type=\"widget\" data-e-type=\"widget\" data-widget_type=\"text-editor.default\">\n\t\t\t\t\t\t\t\t\tLes teintures transparentes constituent une solution id\u00e9ale pour ceux qui souhaitent rehausser la texture naturelle des surfaces de ma\u00e7onnerie et de b\u00e9ton sans les recouvrir de couleurs prononc\u00e9es. Elles p\u00e9n\u00e8trent en profondeur dans le mat\u00e9riau, cr\u00e9ant un fini homog\u00e8ne qui conserve l\u2019int\u00e9grit\u00e9 esth\u00e9tique de la surface tout en offrant une durabilit\u00e9 accrue. Parfaites pour les projets n\u00e9cessitant une protection \u00e0 long terme, ces teintures conviennent autant aux applications r\u00e9sidentielles que commerciales.\t\t\t\t\t\t\t\t<\/div>\n\t\t\t\t<\/div>\n\t\t\t\t\t<\/div>\n\t\t\t\t<\/div>\n\t\t<div class=\"elementor-element elementor-element-a476058 e-flex e-con-boxed e-con e-parent\" data-id=\"a476058\" data-element_type=\"container\" data-e-type=\"container\" data-settings=\"{&quot;background_background&quot;:&quot;classic&quot;}\">\n\t\t\t\t\t<div class=\"e-con-inner\">\n\t\t\t\t<div class=\"elementor-element elementor-element-21a8ce7 elementor-widget elementor-widget-heading\" data-id=\"21a8ce7\" data-element_type=\"widget\" data-e-type=\"widget\" data-widget_type=\"heading.default\">\n\t\t\t\t\t<h2 class=\"elementor-heading-title elementor-size-default\">Notre gamme de produits de teinture transparente<\/h2>\t\t\t\t<\/div>\n\t\t<div class=\"elementor-element elementor-element-e91498d e-con-full e-flex e-con e-child\" data-id=\"e91498d\" data-element_type=\"container\" data-e-type=\"container\" data-settings=\"{&quot;background_background&quot;:&quot;classic&quot;}\">\n\t\t\t\t<div data-dce-title-color=\"#0A2647\" class=\"elementor-element elementor-element-b4f3cef elementor-cta--valign-top elementor-widget__width-initial elementor-cta--skin-classic elementor-animated-content elementor-bg-transform elementor-bg-transform-zoom-in elementor-widget elementor-widget-call-to-action\" data-id=\"b4f3cef\" data-element_type=\"widget\" data-e-type=\"widget\" data-widget_type=\"call-to-action.default\">\n\t\t\t\t\t\t\t<a class=\"elementor-cta\" href=\"https:\/\/nawkaw.com\/products\/stain-colorless\/nawkote-pc\/\">\n\t\t\t\t\t<div class=\"elementor-cta__bg-wrapper\">\n\t\t\t\t<div class=\"elementor-cta__bg elementor-bg\" style=\"background-image: url(https:\/\/nawkaw.com\/wp-content\/uploads\/2025\/08\/nawkote-pc.webp);\" role=\"img\" aria-label=\"nawkote-pc\"><\/div>\n\t\t\t\t<div class=\"elementor-cta__bg-overlay\"><\/div>\n\t\t\t<\/div>\n\t\t\t\t\t\t\t<div class=\"elementor-cta__content\">\n\t\t\t\t\n\t\t\t\t\t\t\t\t\t<h3 class=\"elementor-cta__title elementor-cta__content-item elementor-content-item\">\n\t\t\t\t\t\tNawKote-PC\t\t\t\t\t<\/h3>\n\t\t\t\t\n\t\t\t\t\t\t\t\t\t<div class=\"elementor-cta__description elementor-cta__content-item elementor-content-item\">\n\t\t\t\t\t\tCe rev\u00eatement protecteur transparent et autonettoyant prot\u00e8ge les surfaces contre les polluants environnementaux et prolonge la dur\u00e9e de vie du b\u00e9ton et de la ma\u00e7onnerie.\t\t\t\t\t<\/div>\n\t\t\t\t\n\t\t\t\t\t\t\t<\/div>\n\t\t\t\t\t\t<\/a>\n\t\t\t\t\t\t<\/div>\n\t\t\t\t<div data-dce-title-color=\"#0A2647\" class=\"elementor-element elementor-element-c68c133 elementor-cta--valign-top elementor-widget__width-initial elementor-cta--skin-classic elementor-animated-content elementor-bg-transform elementor-bg-transform-zoom-in elementor-widget elementor-widget-call-to-action\" data-id=\"c68c133\" data-element_type=\"widget\" data-e-type=\"widget\" data-widget_type=\"call-to-action.default\">\n\t\t\t\t\t\t\t<a class=\"elementor-cta\" href=\"https:\/\/nawkaw.com\/products\/stain-colorless\/nawkote-wr\/\">\n\t\t\t\t\t<div class=\"elementor-cta__bg-wrapper\">\n\t\t\t\t<div class=\"elementor-cta__bg elementor-bg\" style=\"background-image: url(https:\/\/nawkaw.com\/wp-content\/uploads\/2025\/08\/nawkote-wr.webp);\" role=\"img\" aria-label=\"nawkote-wr\"><\/div>\n\t\t\t\t<div class=\"elementor-cta__bg-overlay\"><\/div>\n\t\t\t<\/div>\n\t\t\t\t\t\t\t<div class=\"elementor-cta__content\">\n\t\t\t\t\n\t\t\t\t\t\t\t\t\t<h3 class=\"elementor-cta__title elementor-cta__content-item elementor-content-item\">\n\t\t\t\t\t\tNawKote-WR\t\t\t\t\t<\/h3>\n\t\t\t\t\n\t\t\t\t\t\t\t\t\t<div class=\"elementor-cta__description elementor-cta__content-item elementor-content-item\">\n\t\t\t\t\t\tCet hydrofuge \u00e0 base d\u2019eau emp\u00eache les dommages caus\u00e9s par l\u2019humidit\u00e9 tout en permettant aux surfaces de respirer, prot\u00e9geant ainsi la ma\u00e7onnerie et le b\u00e9ton contre les taches et la d\u00e9t\u00e9rioration.\t\t\t\t\t<\/div>\n\t\t\t\t\n\t\t\t\t\t\t\t<\/div>\n\t\t\t\t\t\t<\/a>\n\t\t\t\t\t\t<\/div>\n\t\t\t\t<div data-dce-title-color=\"#0A2647\" class=\"elementor-element elementor-element-d881415 elementor-cta--valign-top elementor-widget__width-initial elementor-cta--skin-classic elementor-animated-content elementor-bg-transform elementor-bg-transform-zoom-in elementor-widget elementor-widget-call-to-action\" data-id=\"d881415\" data-element_type=\"widget\" data-e-type=\"widget\" data-widget_type=\"call-to-action.default\">\n\t\t\t\t\t\t\t<a class=\"elementor-cta\" href=\"https:\/\/nawkaw.com\/products\/stain-colorless\/nawthinz\/\">\n\t\t\t\t\t<div class=\"elementor-cta__bg-wrapper\">\n\t\t\t\t<div class=\"elementor-cta__bg elementor-bg\" style=\"background-image: url(https:\/\/nawkaw.com\/wp-content\/uploads\/2025\/08\/nawthinz.webp);\" role=\"img\" aria-label=\"nawthinz\"><\/div>\n\t\t\t\t<div class=\"elementor-cta__bg-overlay\"><\/div>\n\t\t\t<\/div>\n\t\t\t\t\t\t\t<div class=\"elementor-cta__content\">\n\t\t\t\t\n\t\t\t\t\t\t\t\t\t<h3 class=\"elementor-cta__title elementor-cta__content-item elementor-content-item\">\n\t\t\t\t\t\tNawThinz\t\t\t\t\t<\/h3>\n\t\t\t\t\n\t\t\t\t\t\t\t\t\t<div class=\"elementor-cta__description elementor-cta__content-item elementor-content-item\">\n\t\t\t\t\t\tCet appr\u00eat et diluant am\u00e9liore l\u2019absorption des surfaces et renforce la ma\u00e7onnerie et le b\u00e9ton pour une adh\u00e9rence sup\u00e9rieure des teintures, id\u00e9al pour les constructions en b\u00e9ton pr\u00e9fabriqu\u00e9 et bascul\u00e9 (tilt-up).\t\t\t\t\t<\/div>\n\t\t\t\t\n\t\t\t\t\t\t\t<\/div>\n\t\t\t\t\t\t<\/a>\n\t\t\t\t\t\t<\/div>\n\t\t\t\t<\/div>\n\t\t\t\t\t<\/div>\n\t\t\t\t<\/div>\n\t\t<div class=\"elementor-element elementor-element-535d018 e-flex e-con-boxed e-con e-parent\" data-id=\"535d018\" data-element_type=\"container\" data-e-type=\"container\" data-settings=\"{&quot;background_background&quot;:&quot;classic&quot;}\">\n\t\t\t\t\t<div class=\"e-con-inner\">\n\t\t\t\t<div class=\"elementor-element elementor-element-bd1d530 elementor-widget__width-initial elementor-widget-tablet__width-initial elementor-widget elementor-widget-icon-box\" data-id=\"bd1d530\" data-element_type=\"widget\" data-e-type=\"widget\" data-widget_type=\"icon-box.default\">\n\t\t\t\t\t\t\t<div class=\"elementor-icon-box-wrapper\">\n\n\t\t\t\n\t\t\t\t\t\t<div class=\"elementor-icon-box-content\">\n\n\t\t\t\t\t\t\t\t\t<h2 class=\"elementor-icon-box-title\">\n\t\t\t\t\t\t<span  >\n\t\t\t\t\t\t\tAppliquez d\u00e8s aujourd\u2019hui les solutions de teinture transparente de Nawkaw\t\t\t\t\t\t<\/span>\n\t\t\t\t\t<\/h2>\n\t\t\t\t\n\t\t\t\t\t\t\t\t\t<p class=\"elementor-icon-box-description\">\n\t\t\t\t\t\tObtenez l\u2019\u00e9quilibre parfait entre subtilit\u00e9 et durabilit\u00e9 gr\u00e2ce aux teintures transparentes de Nawkaw. Consultez nos experts en teinture d\u00e8s maintenant.\t\t\t\t\t<\/p>\n\t\t\t\t\n\t\t\t<\/div>\n\t\t\t\n\t\t<\/div>\n\t\t\t\t\t\t<\/div>\n\t\t<div class=\"elementor-element elementor-element-99c3d0e e-con-full e-flex e-con e-child\" data-id=\"99c3d0e\" data-element_type=\"container\" data-e-type=\"container\">\n\t\t\t\t<div class=\"elementor-element elementor-element-8cce015 btn btn-style elementor-widget elementor-widget-button\" data-id=\"8cce015\" data-element_type=\"widget\" data-e-type=\"widget\" data-widget_type=\"button.default\">\n\t\t\t\t\t\t\t\t\t\t<a class=\"elementor-button elementor-button-link elementor-size-sm\" href=\"https:\/\/nawkaw.com\/fr-ca\/contact\/\">\n\t\t\t\t\t\t<span class=\"elementor-button-content-wrapper\">\n\t\t\t\t\t\t<span class=\"elementor-button-icon\">\n\t\t\t\t<i aria-hidden=\"true\" class=\"far fa-long-arrow-right\"><\/i>\t\t\t<\/span>\n\t\t\t\t\t\t\t\t\t<span class=\"elementor-button-text\">Commencez votre projet d\u00e8s maintenant<\/span>\n\t\t\t\t\t<\/span>\n\t\t\t\t\t<\/a>\n\t\t\t\t\t\t\t\t<\/div>\n\t\t\t\t<\/div>\n\t\t\t\t\t<\/div>\n\t\t\t\t<\/div>\n\t\t\t\t<\/div>\n\t\t","protected":false},"excerpt":{"rendered":"<p>Produits de teinture incolores et transparents Prot\u00e9gez et mettez en valeur vos surfaces avec des teintures transparentes Les teintures transparentes constituent une solution id\u00e9ale pour ceux qui souhaitent rehausser la texture naturelle des surfaces de ma\u00e7onnerie et de b\u00e9ton sans les recouvrir de couleurs prononc\u00e9es. Elles p\u00e9n\u00e8trent en profondeur dans le mat\u00e9riau, cr\u00e9ant un fini [&hellip;]<\/p>\n","protected":false},"author":3,"featured_media":0,"parent":2990,"menu_order":0,"comment_status":"closed","ping_status":"closed","template":"","meta":{"_acf_changed":false,"inline_featured_image":false,"footnotes":""},"class_list":["post-4529","page","type-page","status-publish","hentry"],"acf":[],"_links":{"self":[{"href":"https:\/\/nawkaw.com\/fr-ca\/wp-json\/wp\/v2\/pages\/4529","targetHints":{"allow":["GET"]}}],"collection":[{"href":"https:\/\/nawkaw.com\/fr-ca\/wp-json\/wp\/v2\/pages"}],"about":[{"href":"https:\/\/nawkaw.com\/fr-ca\/wp-json\/wp\/v2\/types\/page"}],"author":[{"embeddable":true,"href":"https:\/\/nawkaw.com\/fr-ca\/wp-json\/wp\/v2\/users\/3"}],"replies":[{"embeddable":true,"href":"https:\/\/nawkaw.com\/fr-ca\/wp-json\/wp\/v2\/comments?post=4529"}],"version-history":[{"count":0,"href":"https:\/\/nawkaw.com\/fr-ca\/wp-json\/wp\/v2\/pages\/4529\/revisions"}],"up":[{"embeddable":true,"href":"https:\/\/nawkaw.com\/fr-ca\/wp-json\/wp\/v2\/pages\/2990"}],"wp:attachment":[{"href":"https:\/\/nawkaw.com\/fr-ca\/wp-json\/wp\/v2\/media?parent=4529"}],"curies":[{"name":"wp","href":"https:\/\/api.w.org\/{rel}","templated":true}]}}