{"id":4589,"date":"2025-07-09T00:11:58","date_gmt":"2025-07-09T04:11:58","guid":{"rendered":"https:\/\/nawkaw.com\/faqs\/"},"modified":"2025-11-17T02:53:12","modified_gmt":"2025-11-17T06:53:12","slug":"faqs","status":"publish","type":"page","link":"https:\/\/nawkaw.com\/fr-ca\/faqs\/","title":{"rendered":"FAQs"},"content":{"rendered":"\t\t<div data-elementor-type=\"wp-page\" data-elementor-id=\"4589\" class=\"elementor elementor-4589 elementor-741\" data-elementor-post-type=\"page\">\n\t\t\t\t<div data-dce-background-image-url=\"https:\/\/nawkaw.com\/wp-content\/uploads\/2025\/09\/faq-masthead-scaled.webp\" class=\"elementor-element elementor-element-4dc0ccd e-flex e-con-boxed e-con e-parent\" data-id=\"4dc0ccd\" data-element_type=\"container\" data-e-type=\"container\" data-settings=\"{&quot;background_background&quot;:&quot;classic&quot;}\">\n\t\t\t\t\t<div class=\"e-con-inner\">\n\t\t\t\t<div class=\"elementor-element elementor-element-d8d64e6 elementor-widget elementor-widget-icon-box\" data-id=\"d8d64e6\" data-element_type=\"widget\" data-e-type=\"widget\" data-widget_type=\"icon-box.default\">\n\t\t\t\t\t\t\t<div class=\"elementor-icon-box-wrapper\">\n\n\t\t\t\n\t\t\t\t\t\t<div class=\"elementor-icon-box-content\">\n\n\t\t\t\t\t\t\t\t\t<h1 class=\"elementor-icon-box-title\">\n\t\t\t\t\t\t<span  >\n\t\t\t\t\t\t\tFAQ\t\t\t\t\t\t<\/span>\n\t\t\t\t\t<\/h1>\n\t\t\t\t\n\t\t\t\t\t\t\t\t\t<p class=\"elementor-icon-box-description\">\n\t\t\t\t\t\tTout ce que vous devez savoir sur nos solutions et services de teinture\t\t\t\t\t<\/p>\n\t\t\t\t\n\t\t\t<\/div>\n\t\t\t\n\t\t<\/div>\n\t\t\t\t\t\t<\/div>\n\t\t\t\t\t<\/div>\n\t\t\t\t<\/div>\n\t\t<div class=\"elementor-element elementor-element-f53089c e-flex e-con-boxed e-con e-parent\" data-id=\"f53089c\" data-element_type=\"container\" data-e-type=\"container\" data-settings=\"{&quot;background_background&quot;:&quot;classic&quot;}\">\n\t\t\t\t\t<div class=\"e-con-inner\">\n\t\t<div class=\"elementor-element elementor-element-d9b9004 e-con-full e-flex e-con e-child\" data-id=\"d9b9004\" data-element_type=\"container\" data-e-type=\"container\" data-settings=\"{&quot;background_background&quot;:&quot;classic&quot;}\">\n\t\t\t\t<div class=\"elementor-element elementor-element-ac36ce2 elementor-widget elementor-widget-n-accordion\" data-id=\"ac36ce2\" data-element_type=\"widget\" data-e-type=\"widget\" data-settings=\"{&quot;n_accordion_animation_duration&quot;:{&quot;unit&quot;:&quot;ms&quot;,&quot;size&quot;:200,&quot;sizes&quot;:[]},&quot;default_state&quot;:&quot;expanded&quot;,&quot;max_items_expended&quot;:&quot;one&quot;}\" data-widget_type=\"nested-accordion.default\">\n\t\t\t\t\t\t\t<div class=\"e-n-accordion\" aria-label=\"Accordion. Open links with Enter or Space, close with Escape, and navigate with Arrow Keys\">\n\t\t\t\t\t\t<details id=\"e-n-accordion-item-1800\" class=\"e-n-accordion-item\" open>\n\t\t\t\t<summary class=\"e-n-accordion-item-title\" data-accordion-index=\"1\" tabindex=\"0\" aria-expanded=\"true\" aria-controls=\"e-n-accordion-item-1800\" >\n\t\t\t\t\t<span class='e-n-accordion-item-title-header'><h2 class=\"e-n-accordion-item-title-text\"> Teinture vs Peinture : Quelle est la diff\u00e9rence ? <\/h2><\/span>\n\t\t\t\t\t\t\t<span class='e-n-accordion-item-title-icon'>\n\t\t\t<span class='e-opened' ><i aria-hidden=\"true\" class=\"fal fa-minus\"><\/i><\/span>\n\t\t\t<span class='e-closed'><i aria-hidden=\"true\" class=\"fal fa-plus\"><\/i><\/span>\n\t\t<\/span>\n\n\t\t\t\t\t\t<\/summary>\n\t\t\t\t<div role=\"region\" aria-labelledby=\"e-n-accordion-item-1800\" class=\"elementor-element elementor-element-3571d20 e-con-full e-flex e-con e-child\" data-id=\"3571d20\" data-element_type=\"container\" data-e-type=\"container\">\n\t\t\t\t<div class=\"elementor-element elementor-element-c85a763 elementor-widget elementor-widget-text-editor\" data-id=\"c85a763\" data-element_type=\"widget\" data-e-type=\"widget\" data-widget_type=\"text-editor.default\">\n\t\t\t\t\t\t\t\t\t<p data-pm-slice=\"1 1 []\">Contrairement \u00e0 la peinture, qui ne fait que recouvrir les surfaces, la teinture p\u00e9n\u00e8tre en profondeur pour offrir \u00e0 la fois protection et pr\u00e9servation tout en apportant de la couleur. Nos teintures de ma\u00e7onnerie sont sp\u00e9cialement con\u00e7ues pour r\u00e9sister aux conditions climatiques, offrant une durabilit\u00e9 que la peinture ne garantit pas toujours.<\/p><p>Alors que la peinture peut s\u2019\u00e9cailler, se d\u00e9colorer ou se fissurer avec le temps, nos teintures architecturales cr\u00e9ent des liaisons chimiques et m\u00e9caniques solides, en faisant une alternative plus fiable, respirante et durable.<\/p><p><a href=\"https:\/\/nawkaw.com\/products\/\" target=\"_blank\" rel=\"noopener\">D\u00e9couvrez nos options de teinture en couleur et incolores.<\/a>.<\/p>\t\t\t\t\t\t\t\t<\/div>\n\t\t\t\t<\/div>\n\t\t\t\t\t<\/details>\n\t\t\t\t\t\t<details id=\"e-n-accordion-item-1801\" class=\"e-n-accordion-item\" >\n\t\t\t\t<summary class=\"e-n-accordion-item-title\" data-accordion-index=\"2\" tabindex=\"-1\" aria-expanded=\"false\" aria-controls=\"e-n-accordion-item-1801\" >\n\t\t\t\t\t<span class='e-n-accordion-item-title-header'><h2 class=\"e-n-accordion-item-title-text\"> Que signifie Nawkaw? <\/h2><\/span>\n\t\t\t\t\t\t\t<span class='e-n-accordion-item-title-icon'>\n\t\t\t<span class='e-opened' ><i aria-hidden=\"true\" class=\"fal fa-minus\"><\/i><\/span>\n\t\t\t<span class='e-closed'><i aria-hidden=\"true\" class=\"fal fa-plus\"><\/i><\/span>\n\t\t<\/span>\n\n\t\t\t\t\t\t<\/summary>\n\t\t\t\t<div role=\"region\" aria-labelledby=\"e-n-accordion-item-1801\" class=\"elementor-element elementor-element-d12f56f e-con-full e-flex e-con e-child\" data-id=\"d12f56f\" data-element_type=\"container\" data-e-type=\"container\">\n\t\t\t\t<div class=\"elementor-element elementor-element-5749618 elementor-widget elementor-widget-text-editor\" data-id=\"5749618\" data-element_type=\"widget\" data-e-type=\"widget\" data-widget_type=\"text-editor.default\">\n\t\t\t\t\t\t\t\t\tComme Nawkaw a \u00e9t\u00e9 fond\u00e9e au Canada, son nom rend hommage \u00e0 son pays d\u2019origine. Le terme \u00ab nawkaw \u00bb provient du son \u00e9mis par l\u2019oie du Canada lorsqu\u2019elle migre vers le sud pour l\u2019hiver.\t\t\t\t\t\t\t\t<\/div>\n\t\t\t\t<\/div>\n\t\t\t\t\t<\/details>\n\t\t\t\t\t\t<details id=\"e-n-accordion-item-1802\" class=\"e-n-accordion-item\" >\n\t\t\t\t<summary class=\"e-n-accordion-item-title\" data-accordion-index=\"3\" tabindex=\"-1\" aria-expanded=\"false\" aria-controls=\"e-n-accordion-item-1802\" >\n\t\t\t\t\t<span class='e-n-accordion-item-title-header'><h2 class=\"e-n-accordion-item-title-text\"> De quoi sont faits les produits Nawkaw? <\/h2><\/span>\n\t\t\t\t\t\t\t<span class='e-n-accordion-item-title-icon'>\n\t\t\t<span class='e-opened' ><i aria-hidden=\"true\" class=\"fal fa-minus\"><\/i><\/span>\n\t\t\t<span class='e-closed'><i aria-hidden=\"true\" class=\"fal fa-plus\"><\/i><\/span>\n\t\t<\/span>\n\n\t\t\t\t\t\t<\/summary>\n\t\t\t\t<div role=\"region\" aria-labelledby=\"e-n-accordion-item-1802\" class=\"elementor-element elementor-element-d4dfc72 e-con-full e-flex e-con e-child\" data-id=\"d4dfc72\" data-element_type=\"container\" data-e-type=\"container\">\n\t\t\t\t<div class=\"elementor-element elementor-element-23725e3 elementor-widget elementor-widget-text-editor\" data-id=\"23725e3\" data-element_type=\"widget\" data-e-type=\"widget\" data-widget_type=\"text-editor.default\">\n\t\t\t\t\t\t\t\t\t<p>Nos produits sont \u00e0 base d\u2019eau et fabriqu\u00e9s avec des ingr\u00e9dients respectueux de l\u2019environnement.<\/p><p>Con\u00e7us pour le b\u00e9ton et la ma\u00e7onnerie, ils contiennent de l\u2019eau, des colorants r\u00e9sistants \u00e0 la lumi\u00e8re et des liants durables.<\/p>\t\t\t\t\t\t\t\t<\/div>\n\t\t\t\t<\/div>\n\t\t\t\t\t<\/details>\n\t\t\t\t\t\t<details id=\"e-n-accordion-item-1803\" class=\"e-n-accordion-item\" >\n\t\t\t\t<summary class=\"e-n-accordion-item-title\" data-accordion-index=\"4\" tabindex=\"-1\" aria-expanded=\"false\" aria-controls=\"e-n-accordion-item-1803\" >\n\t\t\t\t\t<span class='e-n-accordion-item-title-header'><h2 class=\"e-n-accordion-item-title-text\"> Les produits Nawkaw sont-ils \u00e9cologiques? <\/h2><\/span>\n\t\t\t\t\t\t\t<span class='e-n-accordion-item-title-icon'>\n\t\t\t<span class='e-opened' ><i aria-hidden=\"true\" class=\"fal fa-minus\"><\/i><\/span>\n\t\t\t<span class='e-closed'><i aria-hidden=\"true\" class=\"fal fa-plus\"><\/i><\/span>\n\t\t<\/span>\n\n\t\t\t\t\t\t<\/summary>\n\t\t\t\t<div role=\"region\" aria-labelledby=\"e-n-accordion-item-1803\" class=\"elementor-element elementor-element-45d558a e-con-full e-flex e-con e-child\" data-id=\"45d558a\" data-element_type=\"container\" data-e-type=\"container\">\n\t\t\t\t<div class=\"elementor-element elementor-element-30a3dc4 elementor-widget elementor-widget-text-editor\" data-id=\"30a3dc4\" data-element_type=\"widget\" data-e-type=\"widget\" data-widget_type=\"text-editor.default\">\n\t\t\t\t\t\t\t\t\t<p>Oui. L\u2019une de nos principales initiatives est d\u2019am\u00e9liorer la qualit\u00e9 de vie gr\u00e2ce \u00e0 nos produits et services, tout en pr\u00e9servant un environnement sain et esth\u00e9tique. Dans le cadre de cet engagement, nous d\u00e9veloppons des produits sans COV et proposons des solutions qui conservent et restaurent les mat\u00e9riaux de surface existants.<\/p><p><a href=\"https:\/\/nawkaw.com\/about\/environmental-commitment-and-sustainable-solutions\/\" target=\"_blank\" rel=\"noopener\">D\u00e9couvrez ici d\u2019autres valeurs qui nous tiennent \u00e0 c\u0153ur.<\/a>.<\/p>\t\t\t\t\t\t\t\t<\/div>\n\t\t\t\t<\/div>\n\t\t\t\t\t<\/details>\n\t\t\t\t\t\t<details id=\"e-n-accordion-item-1804\" class=\"e-n-accordion-item\" >\n\t\t\t\t<summary class=\"e-n-accordion-item-title\" data-accordion-index=\"5\" tabindex=\"-1\" aria-expanded=\"false\" aria-controls=\"e-n-accordion-item-1804\" >\n\t\t\t\t\t<span class='e-n-accordion-item-title-header'><h2 class=\"e-n-accordion-item-title-text\"> Sur quelles surfaces les produits Nawkaw peuvent-ils \u00eatre utilis\u00e9s? <\/h2><\/span>\n\t\t\t\t\t\t\t<span class='e-n-accordion-item-title-icon'>\n\t\t\t<span class='e-opened' ><i aria-hidden=\"true\" class=\"fal fa-minus\"><\/i><\/span>\n\t\t\t<span class='e-closed'><i aria-hidden=\"true\" class=\"fal fa-plus\"><\/i><\/span>\n\t\t<\/span>\n\n\t\t\t\t\t\t<\/summary>\n\t\t\t\t<div role=\"region\" aria-labelledby=\"e-n-accordion-item-1804\" class=\"elementor-element elementor-element-65483e6 e-con-full e-flex e-con e-child\" data-id=\"65483e6\" data-element_type=\"container\" data-e-type=\"container\">\n\t\t\t\t<div class=\"elementor-element elementor-element-65dd5fe elementor-widget elementor-widget-text-editor\" data-id=\"65dd5fe\" data-element_type=\"widget\" data-e-type=\"widget\" data-widget_type=\"text-editor.default\">\n\t\t\t\t\t\t\t\t\t<p>Les produits et services Nawkaw sont id\u00e9aux pour les surfaces ext\u00e9rieures telles que la brique, le bloc, le mortier, le b\u00e9ton et la pierre. Ils peuvent \u00e9galement \u00eatre utilis\u00e9s pour des applications int\u00e9rieures comme les foyers ou les murs d\u2019accent. Bien que nos produits soient principalement recommand\u00e9s pour les surfaces verticales.<\/p>\t\t\t\t\t\t\t\t<\/div>\n\t\t\t\t<\/div>\n\t\t\t\t\t<\/details>\n\t\t\t\t\t\t<details id=\"e-n-accordion-item-1805\" class=\"e-n-accordion-item\" >\n\t\t\t\t<summary class=\"e-n-accordion-item-title\" data-accordion-index=\"6\" tabindex=\"-1\" aria-expanded=\"false\" aria-controls=\"e-n-accordion-item-1805\" >\n\t\t\t\t\t<span class='e-n-accordion-item-title-header'><h2 class=\"e-n-accordion-item-title-text\"> Vendez-vous uniquement le produit? <\/h2><\/span>\n\t\t\t\t\t\t\t<span class='e-n-accordion-item-title-icon'>\n\t\t\t<span class='e-opened' ><i aria-hidden=\"true\" class=\"fal fa-minus\"><\/i><\/span>\n\t\t\t<span class='e-closed'><i aria-hidden=\"true\" class=\"fal fa-plus\"><\/i><\/span>\n\t\t<\/span>\n\n\t\t\t\t\t\t<\/summary>\n\t\t\t\t<div role=\"region\" aria-labelledby=\"e-n-accordion-item-1805\" class=\"elementor-element elementor-element-215b311 e-con-full e-flex e-con e-child\" data-id=\"215b311\" data-element_type=\"container\" data-e-type=\"container\">\n\t\t\t\t<div class=\"elementor-element elementor-element-b9b3c02 elementor-widget elementor-widget-text-editor\" data-id=\"b9b3c02\" data-element_type=\"widget\" data-e-type=\"widget\" data-widget_type=\"text-editor.default\">\n\t\t\t\t\t\t\t\t\tNon. Nawkaw ne vend pas ses teintures exclusives; elles sont appliqu\u00e9es directement par nos techniciens sp\u00e9cialis\u00e9s dans le cadre de nos services de teinture pour b\u00e9ton et ma\u00e7onnerie. La plupart de nos produits sont assortis d\u2019une garantie de 25 ans.\t\t\t\t\t\t\t\t<\/div>\n\t\t\t\t<\/div>\n\t\t\t\t\t<\/details>\n\t\t\t\t\t<\/div>\n\t\t\t\t\t\t<\/div>\n\t\t\t\t<\/div>\n\t\t\t\t\t<\/div>\n\t\t\t\t<\/div>\n\t\t\t\t<\/div>\n\t\t","protected":false},"excerpt":{"rendered":"<p>FAQ Tout ce que vous devez savoir sur nos solutions et services de teinture Teinture vs Peinture : Quelle est la diff\u00e9rence ? Contrairement \u00e0 la peinture, qui ne fait que recouvrir les surfaces, la teinture p\u00e9n\u00e8tre en profondeur pour offrir \u00e0 la fois protection et pr\u00e9servation tout en apportant de la couleur. Nos teintures [&hellip;]<\/p>\n","protected":false},"author":3,"featured_media":0,"parent":0,"menu_order":0,"comment_status":"closed","ping_status":"closed","template":"","meta":{"_acf_changed":false,"inline_featured_image":false,"footnotes":""},"class_list":["post-4589","page","type-page","status-publish","hentry"],"acf":[],"_links":{"self":[{"href":"https:\/\/nawkaw.com\/fr-ca\/wp-json\/wp\/v2\/pages\/4589","targetHints":{"allow":["GET"]}}],"collection":[{"href":"https:\/\/nawkaw.com\/fr-ca\/wp-json\/wp\/v2\/pages"}],"about":[{"href":"https:\/\/nawkaw.com\/fr-ca\/wp-json\/wp\/v2\/types\/page"}],"author":[{"embeddable":true,"href":"https:\/\/nawkaw.com\/fr-ca\/wp-json\/wp\/v2\/users\/3"}],"replies":[{"embeddable":true,"href":"https:\/\/nawkaw.com\/fr-ca\/wp-json\/wp\/v2\/comments?post=4589"}],"version-history":[{"count":0,"href":"https:\/\/nawkaw.com\/fr-ca\/wp-json\/wp\/v2\/pages\/4589\/revisions"}],"wp:attachment":[{"href":"https:\/\/nawkaw.com\/fr-ca\/wp-json\/wp\/v2\/media?parent=4589"}],"curies":[{"name":"wp","href":"https:\/\/api.w.org\/{rel}","templated":true}]}}